{"id":3,"date":"2022-06-13T20:37:24","date_gmt":"2022-06-13T20:37:24","guid":{"rendered":"https:\/\/malubodyshape.com\/?page_id=3"},"modified":"2022-12-03T08:57:07","modified_gmt":"2022-12-03T16:57:07","slug":"privacy-policy","status":"publish","type":"page","link":"https:\/\/malubodyshape.com\/en\/privacy-policy\/","title":{"rendered":"Aviso de Privacidad"},"content":{"rendered":"<div data-elementor-type=\"wp-page\" data-elementor-id=\"3\" class=\"elementor elementor-3\" data-elementor-settings=\"{&quot;ha_cmc_init_switcher&quot;:&quot;no&quot;}\" data-elementor-post-type=\"page\">\n\t\t\t\t\t\t<section data-ha-partstyle=\"nasa\" data-ha-partcolor=\"\" data-ha-partopacity=\"\" data-ha-partdirection=\"bottom\" class=\"elementor-section elementor-top-section elementor-element elementor-element-6e10132 ha-particle-yes elementor-section-boxed elementor-section-height-default elementor-section-height-default\" data-id=\"6e10132\" data-element_type=\"section\" data-settings=\"{&quot;background_background&quot;:&quot;classic&quot;,&quot;_ha_eqh_enable&quot;:false}\">\n\t\t\t\t\t\t\t<div class=\"elementor-background-overlay\"><\/div>\n\t\t\t\t\t\t\t<div class=\"elementor-container elementor-column-gap-default\">\n\t\t\t\t\t<div class=\"elementor-column elementor-col-50 elementor-top-column elementor-element elementor-element-a75c849\" data-id=\"a75c849\" data-element_type=\"column\">\n\t\t\t<div class=\"elementor-widget-wrap elementor-element-populated\">\n\t\t\t\t\t\t<div class=\"elementor-element elementor-element-173c1fb elementor-widget elementor-widget-heading\" data-id=\"173c1fb\" data-element_type=\"widget\" data-widget_type=\"heading.default\">\n\t\t\t\t<div class=\"elementor-widget-container\">\n\t\t\t\t\t<h2 class=\"elementor-heading-title elementor-size-default\">Aviso de Privacidad<\/h2>\t\t\t\t<\/div>\n\t\t\t\t<\/div>\n\t\t\t\t<div class=\"elementor-element elementor-element-1bcd755 elementor-widget elementor-widget-text-editor\" data-id=\"1bcd755\" data-element_type=\"widget\" data-widget_type=\"text-editor.default\">\n\t\t\t\t<div class=\"elementor-widget-container\">\n\t\t\t\t\t\t\t\t\t<p>Gracias por leer estas pol\u00edticas, es muy importante para nosotros que conozcas el uso de tu informaci\u00f3n.<\/p>\t\t\t\t\t\t\t\t<\/div>\n\t\t\t\t<\/div>\n\t\t\t\t\t<\/div>\n\t\t<\/div>\n\t\t\t\t<div class=\"elementor-column elementor-col-50 elementor-top-column elementor-element elementor-element-cdcb3d8\" data-id=\"cdcb3d8\" data-element_type=\"column\">\n\t\t\t<div class=\"elementor-widget-wrap\">\n\t\t\t\t\t\t\t<\/div>\n\t\t<\/div>\n\t\t\t\t\t<\/div>\n\t\t<\/section>\n\t\t\t\t<section class=\"elementor-section elementor-top-section elementor-element elementor-element-98ccf8a elementor-section-boxed elementor-section-height-default elementor-section-height-default\" data-id=\"98ccf8a\" data-element_type=\"section\" data-settings=\"{&quot;background_background&quot;:&quot;classic&quot;,&quot;_ha_eqh_enable&quot;:false}\">\n\t\t\t\t\t\t<div class=\"elementor-container elementor-column-gap-default\">\n\t\t\t\t\t<div class=\"elementor-column elementor-col-100 elementor-top-column elementor-element elementor-element-4d69445e\" data-id=\"4d69445e\" data-element_type=\"column\">\n\t\t\t<div class=\"elementor-widget-wrap elementor-element-populated\">\n\t\t\t\t\t\t<div class=\"elementor-element elementor-element-29806150 elementor-widget elementor-widget-text-editor\" data-id=\"29806150\" data-element_type=\"widget\" data-widget_type=\"text-editor.default\">\n\t\t\t\t<div class=\"elementor-widget-container\">\n\t\t\t\t\t\t\t\t\t<p><\/p>\n<p><strong>\u201cMALU\u201d<\/strong>, con domicilio ubicado en Calle 8 Avenida Aquiles Serd\u00e1n #716 B Col. Libertad C.P. 22400, Tijuana, Baja California, M\u00e9xico, es el responsable de recabar sus datos conforme a lo siguiente:&nbsp;<\/p>\n<p><\/p>\n<p>El Presente Aviso de Privacidad tiene como objeto informarle acerca del tratamiento que se le dar\u00e1 a sus datos personales, cuando los mismos son recabados, utilizados, almacenados y\/o transferidos por <strong>MALU, <\/strong>por lo cual, el presente Aviso se encuentra conforme a los principios de protecci\u00f3n de datos: Licitud, Consentimiento, Informaci\u00f3n, Calidad, Finalidad, Lealtad, Proporcionalidad, Responsabilidad y de las dem\u00e1s disposiciones de la Ley Federal de Protecci\u00f3n de Datos Personales en Posesi\u00f3n de los Particulares y de su respectivo reglamento.&nbsp;<\/p>\n<p><\/p>\n<p>&nbsp;<strong>\u00bfQu\u00e9 Informaci\u00f3n recopilamos y cu\u00e1l es su uso?&nbsp;<\/strong><\/p>\n<p><\/p>\n<p>Su informaci\u00f3n personal ser\u00e1 utilizada por \u201c<strong>MALU\u201d, <\/strong>para proporcionar la mejor experiencia de compra posible, as\u00ed como mostrar los nuevos productos y mencionar novedades de la tienda online, y si participa en alguna encuesta, promoci\u00f3n o concurso, y as\u00ed la informaci\u00f3n compartida se utiliza tambi\u00e9n para mejorar la calidad de nuestros servicios, tambi\u00e9n nos ayudan a determinar si re\u00fane los requisitos para tener recompensas; para las finalidades antes mencionadas requerimos los siguientes datos personales:&nbsp;<\/p>\n<p><\/p>\n<ul class=\"wp-block-list\">\n<li>Nombre, Apellidos<\/li>\n<li>Nacionalidad<\/li>\n<li>Fecha de nacimiento o fecha de constituci\u00f3n<\/li>\n<li>Sexo<\/li>\n<li>Direcci\u00f3n de correo electr\u00f3nico<\/li>\n<li>Registro Federal de Contribuyentes (RFC)<\/li>\n<li>Domicilio<\/li>\n<li>Phone<\/li>\n<\/ul>\n<p><\/p>\n<p>&nbsp;<strong>Datos Sensibles&nbsp;<\/strong><\/p>\n<p><\/p>\n<p>Para <strong>MALU <\/strong>es muy importante cuidar su informaci\u00f3n, es por eso, que queremos informarte a trav\u00e9s de este medio los siguientes datos sensibles que vamos a recabar:&nbsp;<\/p>\n<p><\/p>\n<ul class=\"wp-block-list\">\n<li>Tarjeta de cr\u00e9dito&nbsp;<\/li>\n<li>Informaci\u00f3n confidencial&nbsp;<\/li>\n<\/ul>\n<p><\/p>\n<p>Su informaci\u00f3n personal ser\u00e1 utilizada por <strong>\u201cMALU\u201d, <\/strong>para proporcionar la mejor experiencia de compra posible, as\u00ed como mostrar los nuevos productos y mencionar novedades de la tienda online, y si participa en alguna encuesta, promoci\u00f3n o concurso, y as\u00ed la informaci\u00f3n compartida se utiliza tambi\u00e9n para mejorar la calidad de nuestros servicios, tambi\u00e9n nos ayudan a determinar si re\u00fane los requisitos para tener recompensas, as\u00ed mismo estos datos, se consideran como confidenciales para uso exclusivamente relacionados con su servicio.&nbsp;<\/p>\n<p><\/p>\n<p>&nbsp;<strong>\u00bfComo recopilamos la informaci\u00f3n?&nbsp;<\/strong><\/p>\n<p><\/p>\n<p>Para las finalidades se\u00f1aladas en el presente aviso de privacidad, podemos recabar sus datos personales de distintas formas:&nbsp;<\/p>\n<p><\/p>\n<ul class=\"wp-block-list\">\n<li>Cuando usted nos los proporciona directamente ya se v\u00eda telef\u00f3nica, por mensajes, por correo electr\u00f3nico<strong>, <\/strong>o personalmente a uno de nuestros representantes.<\/li>\n<li>Cuando visita nuestra p\u00e1gina Web www.tusivienes.com, p\u00e1gina de Facebook, Twitter y\/o a trav\u00e9s de correos electr\u00f3nicos.<\/li>\n<li>Por medio interacci\u00f3n personal.<\/li>\n<\/ul>\n<p><\/p>\n<p><strong>\u00bfC\u00f3mo ejercer sus derechos ARCO?&nbsp;<\/strong><\/p>\n<p><\/p>\n<p>Usted tiene derecho de Acceder, Rectificar y Cancelar sus datos personales, as\u00ed como de Oponerse al tratamiento de estos o revocar el consentimiento para el fin otorgado. Para dichos procedimientos se puede poner en contacto con nosotros a trav\u00e9s del correo electr\u00f3nico fajasmalu@gmail.com o deber\u00e1 enviar su Negativa por escrito al domicilio ubicado en Calle 8 Avenida Aquiles Serd\u00e1n #716 B Col. Libertad C.P. 22400, Tijuana, Baja California, M\u00e9xico.&nbsp;<\/p>\n<p><\/p>\n<p>Para poder atender en tiempo y forma sus Derechos ARCO es necesario que en su petici\u00f3n se\u00f1ale lo siguiente:&nbsp;<\/p>\n<p><\/p>\n<ul class=\"wp-block-list\">\n<li>Nombre del titular y su cuenta de correo electr\u00f3nico para comunicarle la respuesta a su solicitud.&nbsp;<\/li>\n<li>Adjuntar copia impresa u electr\u00f3nica del documento que acredite su identidad (IFE, INE, Pasaporte, Etc.), en caso de personas morales, copia impresa u electr\u00f3nica del documento que acredite la identidad del apoderado y\/o representante legal y copia impresa u electr\u00f3nica del instrumento notarial donde se encuentre facultado.&nbsp;<\/li>\n<li>La descripci\u00f3n clara y precisa de los datos personales respecto de los que se busca ejercer alguno de los derechos antes mencionados.<\/li>\n<\/ul>\n<p><\/p>\n<p>En caso de que la informaci\u00f3n proporcionada sea err\u00f3nea o insuficiente, o bien, no se acompa\u00f1en los documentos de acreditaci\u00f3n, \u201c<strong>MALU<\/strong>\u201d, dentro de los 10 d\u00edas h\u00e1biles siguientes a la recepci\u00f3n de la solicitud, podr\u00e1 requerirle que aporte los elementos o documentos necesarios para dar tramite a la misma. Usted contara con 10 d\u00edas h\u00e1biles para atender el requerimiento, contados a partir del d\u00eda siguiente en que lo haya recibido. De no dar respuesta en dicho plazo, se tendr\u00e1 por no presentada la solicitud correspondiente.&nbsp;<\/p>\n<p><\/p>\n<p>Cuando la solicitud resulte procedente \u201c<strong>MALU<\/strong>\u201d le comunicara la determinaci\u00f3n adoptada, en un plazo m\u00e1ximo de 10 d\u00edas h\u00e1biles contados desde la fecha en que se recibi\u00f3 la solicitud.<\/p>\n<p><\/p>\n<p><strong>Limitaci\u00f3n y Divulgaci\u00f3n de sus datos personales&nbsp;<\/strong><\/p>\n<p><\/p>\n<p>Usted faculta el uso de sus datos personales a \u201c<strong>MALU<\/strong>\u201d para las finalidades mencionadas en el presente escrito, usted podr\u00e1 limitar el uso o divulgaci\u00f3n de sus datos personales enviando su solicitud a \u201c<strong>MALU<\/strong>\u201d a la direcci\u00f3n electr\u00f3nica fajasmalu@gmail.com con los requisitos y bajo el procedimiento que se encuentra en el apartado anterior.&nbsp;<\/p>\n<p><\/p>\n<p>Al no manifestar sobre el uso o divulgaci\u00f3n de sus datos personales, usted esta facultando a <strong>\u201cMALU\u201d, <\/strong>a sus representantes, empleados, y dem\u00e1s personas autorizadas por <strong>\u201cMALU\u201d <\/strong>sobre el uso, transferencia o divulgaci\u00f3n de sus datos personales.<\/p>\n<p><\/p>\n<p><strong>Cambios al Aviso de Privacidad&nbsp;<\/strong><\/p>\n<p><\/p>\n<p><strong>\u201cMALU\u201d <\/strong>se reserva el derecho de modificar o actualizar el presente Aviso de privacidad sin previo aviso. Es responsabilidad del titular de los datos el revisar el contenido del aviso de privacidad en la p\u00e1gina web de <strong>\u201cMALU\u201d.&nbsp;<\/strong><\/p>\n<p><\/p>\n<p><strong>Ultima Fecha de Actualizaci\u00f3n&nbsp;<\/strong><\/p>\n<p><\/p>\n<p><strong>8 de junio del 2022&nbsp;<\/strong><\/p>\n<p><\/p>\t\t\t\t\t\t\t\t<\/div>\n\t\t\t\t<\/div>\n\t\t\t\t\t<\/div>\n\t\t<\/div>\n\t\t\t\t\t<\/div>\n\t\t<\/section>\n\t\t\t\t<\/div>","protected":false},"excerpt":{"rendered":"<p>Aviso de Privacidad Gracias por leer estas pol\u00edticas, es muy importante para nosotros que conozcas el uso de tu informaci\u00f3n. \u201cMALU\u201d, con domicilio ubicado en Calle 8 Avenida Aquiles Serd\u00e1n #716 B Col. Libertad C.P. 22400, Tijuana, Baja California, M\u00e9xico, es el responsable de recabar sus datos conforme a lo siguiente:&nbsp; El Presente Aviso de [&hellip;]<\/p>\n","protected":false},"author":1,"featured_media":0,"parent":0,"menu_order":0,"comment_status":"closed","ping_status":"open","template":"","meta":{"footnotes":""},"class_list":["post-3","page","type-page","status-publish","hentry"],"_hostinger_reach_plugin_has_subscription_block":false,"_hostinger_reach_plugin_is_elementor":false,"_links":{"self":[{"href":"https:\/\/malubodyshape.com\/en\/wp-json\/wp\/v2\/pages\/3","targetHints":{"allow":["GET"]}}],"collection":[{"href":"https:\/\/malubodyshape.com\/en\/wp-json\/wp\/v2\/pages"}],"about":[{"href":"https:\/\/malubodyshape.com\/en\/wp-json\/wp\/v2\/types\/page"}],"author":[{"embeddable":true,"href":"https:\/\/malubodyshape.com\/en\/wp-json\/wp\/v2\/users\/1"}],"replies":[{"embeddable":true,"href":"https:\/\/malubodyshape.com\/en\/wp-json\/wp\/v2\/comments?post=3"}],"version-history":[{"count":34,"href":"https:\/\/malubodyshape.com\/en\/wp-json\/wp\/v2\/pages\/3\/revisions"}],"predecessor-version":[{"id":1068,"href":"https:\/\/malubodyshape.com\/en\/wp-json\/wp\/v2\/pages\/3\/revisions\/1068"}],"wp:attachment":[{"href":"https:\/\/malubodyshape.com\/en\/wp-json\/wp\/v2\/media?parent=3"}],"curies":[{"name":"wp","href":"https:\/\/api.w.org\/{rel}","templated":true}]}}