{"id":577,"date":"2022-11-01T14:55:06","date_gmt":"2022-11-01T21:55:06","guid":{"rendered":"https:\/\/malubodyshape.com\/?page_id=577"},"modified":"2026-03-07T21:41:07","modified_gmt":"2026-03-08T05:41:07","slug":"como-elegir-tu-talla","status":"publish","type":"page","link":"https:\/\/malubodyshape.com\/en\/como-elegir-tu-talla\/","title":{"rendered":"\u00bfC\u00f3mo elegir tu talla?"},"content":{"rendered":"<div data-elementor-type=\"wp-page\" data-elementor-id=\"577\" class=\"elementor elementor-577\" data-elementor-settings=\"{&quot;ha_cmc_init_switcher&quot;:&quot;no&quot;}\" data-elementor-post-type=\"page\">\n\t\t\t\t\t\t<section class=\"elementor-section elementor-top-section elementor-element elementor-element-e0f54ba elementor-section-height-min-height elementor-section-content-middle elementor-section-boxed elementor-section-height-default elementor-section-items-middle\" data-id=\"e0f54ba\" data-element_type=\"section\" data-settings=\"{&quot;background_background&quot;:&quot;classic&quot;,&quot;_ha_eqh_enable&quot;:false}\">\n\t\t\t\t\t\t\t<div class=\"elementor-background-overlay\"><\/div>\n\t\t\t\t\t\t\t<div class=\"elementor-container elementor-column-gap-default\">\n\t\t\t\t\t<div class=\"elementor-column elementor-col-100 elementor-top-column elementor-element elementor-element-ba54f8e\" data-id=\"ba54f8e\" data-element_type=\"column\">\n\t\t\t<div class=\"elementor-widget-wrap elementor-element-populated\">\n\t\t\t\t\t\t<div class=\"elementor-element elementor-element-89112d0 elementor-widget elementor-widget-heading\" data-id=\"89112d0\" data-element_type=\"widget\" data-widget_type=\"heading.default\">\n\t\t\t\t<div class=\"elementor-widget-container\">\n\t\t\t\t\t<h3 class=\"elementor-heading-title elementor-size-default\">The Malu Experience<\/h3>\t\t\t\t<\/div>\n\t\t\t\t<\/div>\n\t\t\t\t<div class=\"elementor-element elementor-element-528f1ff elementor-widget elementor-widget-heading\" data-id=\"528f1ff\" data-element_type=\"widget\" data-widget_type=\"heading.default\">\n\t\t\t\t<div class=\"elementor-widget-container\">\n\t\t\t\t\t<h1 class=\"elementor-heading-title elementor-size-default\">How to choose your size<\/h1>\t\t\t\t<\/div>\n\t\t\t\t<\/div>\n\t\t\t\t<div class=\"elementor-element elementor-element-4af0be0 elementor-widget elementor-widget-text-editor\" data-id=\"4af0be0\" data-element_type=\"widget\" data-widget_type=\"text-editor.default\">\n\t\t\t\t<div class=\"elementor-widget-container\">\n\t\t\t\t\t\t\t\t\t<p>We have prepared a detailed explanation for you so that you can choose your ideal size.<\/p>\t\t\t\t\t\t\t\t<\/div>\n\t\t\t\t<\/div>\n\t\t\t\t\t<\/div>\n\t\t<\/div>\n\t\t\t\t\t<\/div>\n\t\t<\/section>\n\t\t\t\t<section class=\"elementor-section elementor-top-section elementor-element elementor-element-bdf3250 elementor-section-full_width elementor-section-height-default elementor-section-height-default\" data-id=\"bdf3250\" data-element_type=\"section\" data-settings=\"{&quot;_ha_eqh_enable&quot;:false}\">\n\t\t\t\t\t\t<div class=\"elementor-container elementor-column-gap-default\">\n\t\t\t\t\t<div class=\"elementor-column elementor-col-16 elementor-top-column elementor-element elementor-element-62c324e\" data-id=\"62c324e\" data-element_type=\"column\">\n\t\t\t<div class=\"elementor-widget-wrap\">\n\t\t\t\t\t\t\t<\/div>\n\t\t<\/div>\n\t\t\t\t<div class=\"elementor-column elementor-col-66 elementor-top-column elementor-element elementor-element-1f48c9b\" data-id=\"1f48c9b\" data-element_type=\"column\">\n\t\t\t<div class=\"elementor-widget-wrap elementor-element-populated\">\n\t\t\t\t\t\t<section class=\"elementor-section elementor-inner-section elementor-element elementor-element-89d57b0 elementor-reverse-tablet elementor-reverse-mobile elementor-section-boxed elementor-section-height-default elementor-section-height-default\" data-id=\"89d57b0\" data-element_type=\"section\" data-settings=\"{&quot;_ha_eqh_enable&quot;:false}\">\n\t\t\t\t\t\t<div class=\"elementor-container elementor-column-gap-default\">\n\t\t\t\t\t<div class=\"elementor-column elementor-col-50 elementor-inner-column elementor-element elementor-element-8791616\" data-id=\"8791616\" data-element_type=\"column\">\n\t\t\t<div class=\"elementor-widget-wrap elementor-element-populated\">\n\t\t\t\t\t\t<div class=\"elementor-element elementor-element-fcb97ce elementor-widget elementor-widget-heading\" data-id=\"fcb97ce\" data-element_type=\"widget\" data-widget_type=\"heading.default\">\n\t\t\t\t<div class=\"elementor-widget-container\">\n\t\t\t\t\t<h2 class=\"elementor-heading-title elementor-size-default\">How to choose your size?<\/h2>\t\t\t\t<\/div>\n\t\t\t\t<\/div>\n\t\t\t\t<div class=\"elementor-element elementor-element-c9c3521 elementor-widget elementor-widget-text-editor\" data-id=\"c9c3521\" data-element_type=\"widget\" data-widget_type=\"text-editor.default\">\n\t\t\t\t<div class=\"elementor-widget-container\">\n\t\t\t\t\t\t\t\t\t<p class=\"text-sm font-light text-gray-text leading-loose mb-8 max-w-md\">We have prepared a video explaining the best way to take your measurements. Choose your swimsuit without hesitation and ensure that \u201csecond skin\u201d effect you are looking for.<\/p>\t\t\t\t\t\t\t\t<\/div>\n\t\t\t\t<\/div>\n\t\t\t\t<div class=\"elementor-element elementor-element-441ffcd ha-content--column ha-align--flex-start ha-icon--row elementor-widget elementor-widget-ha-feature-list happy-addon ha-feature-list happy-addon-pro\" data-id=\"441ffcd\" data-element_type=\"widget\" data-widget_type=\"ha-feature-list.default\">\n\t\t\t\t<div class=\"elementor-widget-container\">\n\t\t\t\t\t\n        <ul class=\"ha-feature-list-wrap\">\n                            <li class=\"ha-list-item\">\n                                            <div class=\"ha-content\">\n                    \n\t\t\t\t\t\t                            <div class=\"ha-icon number\">\n                                <span>01<\/span>\n                            <\/div>\n                        \n                        <div class=\"ha-text\">\n                            Measure your waist just above your belly button.                        <\/div>\n\n                                        <\/div>\n                                    <\/li>\n                            <li class=\"ha-list-item\">\n                                            <div class=\"ha-content\">\n                    \n\t\t\t\t\t\t                            <div class=\"ha-icon number\">\n                                <span>02<\/span>\n                            <\/div>\n                        \n                        <div class=\"ha-text\">\n                            Measure the widest part of your hips.                        <\/div>\n\n                                        <\/div>\n                                    <\/li>\n                    <\/ul>\n\n        \t\t\t\t<\/div>\n\t\t\t\t<\/div>\n\t\t\t\t\t<\/div>\n\t\t<\/div>\n\t\t\t\t<div class=\"elementor-column elementor-col-50 elementor-inner-column elementor-element elementor-element-d2c6052\" data-id=\"d2c6052\" data-element_type=\"column\">\n\t\t\t<div class=\"elementor-widget-wrap elementor-element-populated\">\n\t\t\t\t\t\t<div class=\"elementor-element elementor-element-cf82db9 elementor-widget__width-auto elementor-widget-tablet__width-auto elementor-widget elementor-widget-video\" data-id=\"cf82db9\" data-element_type=\"widget\" data-settings=\"{&quot;video_type&quot;:&quot;hosted&quot;,&quot;controls&quot;:&quot;yes&quot;}\" data-widget_type=\"video.default\">\n\t\t\t\t<div class=\"elementor-widget-container\">\n\t\t\t\t\t\t\t<div class=\"e-hosted-video elementor-wrapper elementor-open-inline\">\n\t\t\t\t\t<video class=\"elementor-video\" src=\"https:\/\/malubodyshape.com\/wp-content\/uploads\/2022\/12\/Video-Malu-Medidas.mp4\" controls=\"\" preload=\"metadata\" controlslist=\"nodownload\"><\/video>\n\t\t\t\t<\/div>\n\t\t\t\t\t\t<\/div>\n\t\t\t\t<\/div>\n\t\t\t\t\t<\/div>\n\t\t<\/div>\n\t\t\t\t\t<\/div>\n\t\t<\/section>\n\t\t\t\t\t<\/div>\n\t\t<\/div>\n\t\t\t\t<div class=\"elementor-column elementor-col-16 elementor-top-column elementor-element elementor-element-6dc18b2\" data-id=\"6dc18b2\" data-element_type=\"column\">\n\t\t\t<div class=\"elementor-widget-wrap\">\n\t\t\t\t\t\t\t<\/div>\n\t\t<\/div>\n\t\t\t\t\t<\/div>\n\t\t<\/section>\n\t\t\t\t<section class=\"elementor-section elementor-top-section elementor-element elementor-element-073b236 elementor-section-boxed elementor-section-height-default elementor-section-height-default\" data-id=\"073b236\" data-element_type=\"section\" data-settings=\"{&quot;_ha_eqh_enable&quot;:false}\">\n\t\t\t\t\t\t<div class=\"elementor-container elementor-column-gap-default\">\n\t\t\t\t\t<div class=\"elementor-column elementor-col-33 elementor-top-column elementor-element elementor-element-7a06ed6\" data-id=\"7a06ed6\" data-element_type=\"column\">\n\t\t\t<div class=\"elementor-widget-wrap\">\n\t\t\t\t\t\t\t<\/div>\n\t\t<\/div>\n\t\t\t\t<div class=\"elementor-column elementor-col-33 elementor-top-column elementor-element elementor-element-985348e\" data-id=\"985348e\" data-element_type=\"column\">\n\t\t\t<div class=\"elementor-widget-wrap elementor-element-populated\">\n\t\t\t\t\t\t<div class=\"elementor-element elementor-element-b208d5f elementor-widget elementor-widget-heading\" data-id=\"b208d5f\" data-element_type=\"widget\" data-widget_type=\"heading.default\">\n\t\t\t\t<div class=\"elementor-widget-container\">\n\t\t\t\t\t<h2 class=\"elementor-heading-title elementor-size-default\">Measurement chart<\/h2>\t\t\t\t<\/div>\n\t\t\t\t<\/div>\n\t\t\t\t<div class=\"elementor-element elementor-element-bd6f2ed elementor-widget elementor-widget-ha-advanced-tabs happy-addon ha-advanced-tabs happy-addon-pro\" data-id=\"bd6f2ed\" data-element_type=\"widget\" data-widget_type=\"ha-advanced-tabs.default\">\n\t\t\t\t<div class=\"elementor-widget-container\">\n\t\t\t\t\t\t\t<div class=\"ha-tabs-bd6f2ed ha-tabs ha-tabs--nav-top ha-tabs--nav-x-center  ha-tabs--icon-left\" role=\"tablist\">\n\t\t\t<div class=\"ha-tabs__nav\">\n\t\t\t\t\t\t\t\t\t<div id=\"ha-tab-title-1981\" class=\"ha-tab__title ha-tab__title--desktop elementor-repeater-item-a5b5fcb\" data-tab=\"1\" role=\"tab\" aria-controls=\"ha-tab__content-1981\">\n\t\t\t\t\t\t\t\t\t\t\t\t<span class=\"ha-tab__title-icon\"><i class=\"fas fa-pencil-ruler\"><\/i><\/span>\n\t\t\t\t\t\t\t\t\t\t\t\t<span class=\"ha-tab__title-text\">XS<\/span><\/div>\n\t\t\t\t\t\t\t\t\t<div id=\"ha-tab-title-1982\" class=\"ha-tab__title ha-tab__title--desktop elementor-repeater-item-44ee6d3\" data-tab=\"2\" role=\"tab\" aria-controls=\"ha-tab__content-1982\">\n\t\t\t\t\t\t\t\t\t\t\t\t<span class=\"ha-tab__title-icon\"><i class=\"fas fa-pencil-ruler\"><\/i><\/span>\n\t\t\t\t\t\t\t\t\t\t\t\t<span class=\"ha-tab__title-text\">S<\/span><\/div>\n\t\t\t\t\t\t\t\t\t<div id=\"ha-tab-title-1983\" class=\"ha-tab__title ha-tab__title--desktop elementor-repeater-item-6cf9551\" data-tab=\"3\" role=\"tab\" aria-controls=\"ha-tab__content-1983\">\n\t\t\t\t\t\t\t\t\t\t\t\t<span class=\"ha-tab__title-icon\"><i class=\"fas fa-pencil-ruler\"><\/i><\/span>\n\t\t\t\t\t\t\t\t\t\t\t\t<span class=\"ha-tab__title-text\">M<\/span><\/div>\n\t\t\t\t\t\t\t\t\t<div id=\"ha-tab-title-1984\" class=\"ha-tab__title ha-tab__title--desktop elementor-repeater-item-6a3111a\" data-tab=\"4\" role=\"tab\" aria-controls=\"ha-tab__content-1984\">\n\t\t\t\t\t\t\t\t\t\t\t\t<span class=\"ha-tab__title-icon\"><i class=\"fas fa-pencil-ruler\"><\/i><\/span>\n\t\t\t\t\t\t\t\t\t\t\t\t<span class=\"ha-tab__title-text\">L<\/span><\/div>\n\t\t\t\t\t\t\t\t\t<div id=\"ha-tab-title-1985\" class=\"ha-tab__title ha-tab__title--desktop elementor-repeater-item-bab5952\" data-tab=\"5\" role=\"tab\" aria-controls=\"ha-tab__content-1985\">\n\t\t\t\t\t\t\t\t\t\t\t\t<span class=\"ha-tab__title-icon\"><i class=\"fas fa-pencil-ruler\"><\/i><\/span>\n\t\t\t\t\t\t\t\t\t\t\t\t<span class=\"ha-tab__title-text\">XL<\/span><\/div>\n\t\t\t\t\t\t\t\t\t<div id=\"ha-tab-title-1986\" class=\"ha-tab__title ha-tab__title--desktop elementor-repeater-item-e840818\" data-tab=\"6\" role=\"tab\" aria-controls=\"ha-tab__content-1986\">\n\t\t\t\t\t\t\t\t\t\t\t\t<span class=\"ha-tab__title-icon\"><i class=\"fas fa-pencil-ruler\"><\/i><\/span>\n\t\t\t\t\t\t\t\t\t\t\t\t<span class=\"ha-tab__title-text\">2XL<\/span><\/div>\n\t\t\t\t\t\t\t<\/div>\n\t\t\t<div class=\"ha-tabs__content\">\n\t\t\t\t\t\t\t\t\t<div class=\"ha-tab__title ha-tab__title--mobile elementor-repeater-item-a5b5fcb\" data-tab=\"1\" role=\"tab\">\n\t\t\t\t\t\t\t\t\t\t\t\t<span class=\"ha-tab__title-icon\"><i class=\"fas fa-pencil-ruler\"><\/i><\/span>\n\t\t\t\t\t\t\t\t\t\t\t\t<span class=\"ha-tab__title-text\">XS<\/span>\n\t\t\t\t\t<\/div>\n\t\t\t\t\t<div id=\"ha-tab-content-1981\" class=\"ha-tab__content ha-clearfix elementor-repeater-item-a5b5fcb\" data-tab=\"1\" role=\"tabpanel\" aria-labelledby=\"ha-tab-title-1981\">\n\t\t\t\t\t\t<p><a href=\"https:\/\/malubodyshape.com\/wp-content\/uploads\/2026\/03\/xs-en.png\"><img fetchpriority=\"high\" decoding=\"async\" class=\"aligncenter wp-image-8178 size-full\" src=\"https:\/\/malubodyshape.com\/wp-content\/uploads\/2026\/03\/xs-en.png\" alt=\"\" width=\"800\" height=\"474\" srcset=\"https:\/\/malubodyshape.com\/wp-content\/uploads\/2026\/03\/xs-en.png 800w, https:\/\/malubodyshape.com\/wp-content\/uploads\/2026\/03\/xs-en-300x178.png 300w, https:\/\/malubodyshape.com\/wp-content\/uploads\/2026\/03\/xs-en-768x455.png 768w, https:\/\/malubodyshape.com\/wp-content\/uploads\/2026\/03\/xs-en-18x12.png 18w, https:\/\/malubodyshape.com\/wp-content\/uploads\/2026\/03\/xs-en-600x356.png 600w\" sizes=\"(max-width: 800px) 100vw, 800px\" \/><\/a><\/p>\t\t\t\t\t<\/div>\n\t\t\t\t\t\t\t\t\t<div class=\"ha-tab__title ha-tab__title--mobile elementor-repeater-item-44ee6d3\" data-tab=\"2\" role=\"tab\">\n\t\t\t\t\t\t\t\t\t\t\t\t<span class=\"ha-tab__title-icon\"><i class=\"fas fa-pencil-ruler\"><\/i><\/span>\n\t\t\t\t\t\t\t\t\t\t\t\t<span class=\"ha-tab__title-text\">S<\/span>\n\t\t\t\t\t<\/div>\n\t\t\t\t\t<div id=\"ha-tab-content-1982\" class=\"ha-tab__content ha-clearfix elementor-repeater-item-44ee6d3\" data-tab=\"2\" role=\"tabpanel\" aria-labelledby=\"ha-tab-title-1982\">\n\t\t\t\t\t\t<p><a href=\"https:\/\/malubodyshape.com\/wp-content\/uploads\/2026\/03\/s-en.png\"><img decoding=\"async\" class=\"aligncenter wp-image-8179 size-full\" src=\"https:\/\/malubodyshape.com\/wp-content\/uploads\/2026\/03\/s-en.png\" alt=\"\" width=\"800\" height=\"474\" srcset=\"https:\/\/malubodyshape.com\/wp-content\/uploads\/2026\/03\/s-en.png 800w, https:\/\/malubodyshape.com\/wp-content\/uploads\/2026\/03\/s-en-300x178.png 300w, https:\/\/malubodyshape.com\/wp-content\/uploads\/2026\/03\/s-en-768x455.png 768w, https:\/\/malubodyshape.com\/wp-content\/uploads\/2026\/03\/s-en-18x12.png 18w, https:\/\/malubodyshape.com\/wp-content\/uploads\/2026\/03\/s-en-600x356.png 600w\" sizes=\"(max-width: 800px) 100vw, 800px\" \/><\/a><\/p>\t\t\t\t\t<\/div>\n\t\t\t\t\t\t\t\t\t<div class=\"ha-tab__title ha-tab__title--mobile elementor-repeater-item-6cf9551\" data-tab=\"3\" role=\"tab\">\n\t\t\t\t\t\t\t\t\t\t\t\t<span class=\"ha-tab__title-icon\"><i class=\"fas fa-pencil-ruler\"><\/i><\/span>\n\t\t\t\t\t\t\t\t\t\t\t\t<span class=\"ha-tab__title-text\">M<\/span>\n\t\t\t\t\t<\/div>\n\t\t\t\t\t<div id=\"ha-tab-content-1983\" class=\"ha-tab__content ha-clearfix elementor-repeater-item-6cf9551\" data-tab=\"3\" role=\"tabpanel\" aria-labelledby=\"ha-tab-title-1983\">\n\t\t\t\t\t\t<p><a href=\"https:\/\/malubodyshape.com\/wp-content\/uploads\/2026\/03\/m-en.png\"><img decoding=\"async\" class=\"aligncenter wp-image-8180 size-full\" src=\"https:\/\/malubodyshape.com\/wp-content\/uploads\/2026\/03\/m-en.png\" alt=\"\" width=\"800\" height=\"474\" srcset=\"https:\/\/malubodyshape.com\/wp-content\/uploads\/2026\/03\/m-en.png 800w, https:\/\/malubodyshape.com\/wp-content\/uploads\/2026\/03\/m-en-300x178.png 300w, https:\/\/malubodyshape.com\/wp-content\/uploads\/2026\/03\/m-en-768x455.png 768w, https:\/\/malubodyshape.com\/wp-content\/uploads\/2026\/03\/m-en-18x12.png 18w, https:\/\/malubodyshape.com\/wp-content\/uploads\/2026\/03\/m-en-600x356.png 600w\" sizes=\"(max-width: 800px) 100vw, 800px\" \/><\/a><\/p>\t\t\t\t\t<\/div>\n\t\t\t\t\t\t\t\t\t<div class=\"ha-tab__title ha-tab__title--mobile elementor-repeater-item-6a3111a\" data-tab=\"4\" role=\"tab\">\n\t\t\t\t\t\t\t\t\t\t\t\t<span class=\"ha-tab__title-icon\"><i class=\"fas fa-pencil-ruler\"><\/i><\/span>\n\t\t\t\t\t\t\t\t\t\t\t\t<span class=\"ha-tab__title-text\">L<\/span>\n\t\t\t\t\t<\/div>\n\t\t\t\t\t<div id=\"ha-tab-content-1984\" class=\"ha-tab__content ha-clearfix elementor-repeater-item-6a3111a\" data-tab=\"4\" role=\"tabpanel\" aria-labelledby=\"ha-tab-title-1984\">\n\t\t\t\t\t\t<p><a href=\"https:\/\/malubodyshape.com\/wp-content\/uploads\/2026\/03\/l-en.png\"><img loading=\"lazy\" decoding=\"async\" class=\"aligncenter wp-image-8181 size-full\" src=\"https:\/\/malubodyshape.com\/wp-content\/uploads\/2026\/03\/l-en.png\" alt=\"\" width=\"800\" height=\"474\" srcset=\"https:\/\/malubodyshape.com\/wp-content\/uploads\/2026\/03\/l-en.png 800w, https:\/\/malubodyshape.com\/wp-content\/uploads\/2026\/03\/l-en-300x178.png 300w, https:\/\/malubodyshape.com\/wp-content\/uploads\/2026\/03\/l-en-768x455.png 768w, https:\/\/malubodyshape.com\/wp-content\/uploads\/2026\/03\/l-en-18x12.png 18w, https:\/\/malubodyshape.com\/wp-content\/uploads\/2026\/03\/l-en-600x356.png 600w\" sizes=\"(max-width: 800px) 100vw, 800px\" \/><\/a><\/p>\t\t\t\t\t<\/div>\n\t\t\t\t\t\t\t\t\t<div class=\"ha-tab__title ha-tab__title--mobile elementor-repeater-item-bab5952\" data-tab=\"5\" role=\"tab\">\n\t\t\t\t\t\t\t\t\t\t\t\t<span class=\"ha-tab__title-icon\"><i class=\"fas fa-pencil-ruler\"><\/i><\/span>\n\t\t\t\t\t\t\t\t\t\t\t\t<span class=\"ha-tab__title-text\">XL<\/span>\n\t\t\t\t\t<\/div>\n\t\t\t\t\t<div id=\"ha-tab-content-1985\" class=\"ha-tab__content ha-clearfix elementor-repeater-item-bab5952\" data-tab=\"5\" role=\"tabpanel\" aria-labelledby=\"ha-tab-title-1985\">\n\t\t\t\t\t\t<p><a href=\"https:\/\/malubodyshape.com\/wp-content\/uploads\/2026\/03\/xl-en.png\"><img loading=\"lazy\" decoding=\"async\" class=\"aligncenter wp-image-8183 size-full\" src=\"https:\/\/malubodyshape.com\/wp-content\/uploads\/2026\/03\/xl-en.png\" alt=\"\" width=\"800\" height=\"474\" srcset=\"https:\/\/malubodyshape.com\/wp-content\/uploads\/2026\/03\/xl-en.png 800w, https:\/\/malubodyshape.com\/wp-content\/uploads\/2026\/03\/xl-en-300x178.png 300w, https:\/\/malubodyshape.com\/wp-content\/uploads\/2026\/03\/xl-en-768x455.png 768w, https:\/\/malubodyshape.com\/wp-content\/uploads\/2026\/03\/xl-en-18x12.png 18w, https:\/\/malubodyshape.com\/wp-content\/uploads\/2026\/03\/xl-en-600x356.png 600w\" sizes=\"(max-width: 800px) 100vw, 800px\" \/><\/a><\/p>\t\t\t\t\t<\/div>\n\t\t\t\t\t\t\t\t\t<div class=\"ha-tab__title ha-tab__title--mobile elementor-repeater-item-e840818\" data-tab=\"6\" role=\"tab\">\n\t\t\t\t\t\t\t\t\t\t\t\t<span class=\"ha-tab__title-icon\"><i class=\"fas fa-pencil-ruler\"><\/i><\/span>\n\t\t\t\t\t\t\t\t\t\t\t\t<span class=\"ha-tab__title-text\">2XL<\/span>\n\t\t\t\t\t<\/div>\n\t\t\t\t\t<div id=\"ha-tab-content-1986\" class=\"ha-tab__content ha-clearfix elementor-repeater-item-e840818\" data-tab=\"6\" role=\"tabpanel\" aria-labelledby=\"ha-tab-title-1986\">\n\t\t\t\t\t\t<p><a href=\"https:\/\/malubodyshape.com\/wp-content\/uploads\/2026\/03\/2xl-en.png\"><img loading=\"lazy\" decoding=\"async\" class=\"aligncenter wp-image-8184 size-full\" src=\"https:\/\/malubodyshape.com\/wp-content\/uploads\/2026\/03\/2xl-en.png\" alt=\"\" width=\"800\" height=\"474\" srcset=\"https:\/\/malubodyshape.com\/wp-content\/uploads\/2026\/03\/2xl-en.png 800w, https:\/\/malubodyshape.com\/wp-content\/uploads\/2026\/03\/2xl-en-300x178.png 300w, https:\/\/malubodyshape.com\/wp-content\/uploads\/2026\/03\/2xl-en-768x455.png 768w, https:\/\/malubodyshape.com\/wp-content\/uploads\/2026\/03\/2xl-en-18x12.png 18w, https:\/\/malubodyshape.com\/wp-content\/uploads\/2026\/03\/2xl-en-600x356.png 600w\" sizes=\"(max-width: 800px) 100vw, 800px\" \/><\/a><\/p>\t\t\t\t\t<\/div>\n\t\t\t\t\t\t\t<\/div>\n\t\t<\/div>\n\t\t\t\t\t\t<\/div>\n\t\t\t\t<\/div>\n\t\t\t\t<div class=\"elementor-element elementor-element-50003c0 elementor-widget elementor-widget-text-editor\" data-id=\"50003c0\" data-element_type=\"widget\" data-widget_type=\"text-editor.default\">\n\t\t\t\t<div class=\"elementor-widget-container\">\n\t\t\t\t\t\t\t\t\t<p>Selection guide: For an optimal fit, prioritize your waist and hip measurements. The bust features a one-size-fits-all design and customizable support through interchangeable cups.<\/p>\t\t\t\t\t\t\t\t<\/div>\n\t\t\t\t<\/div>\n\t\t\t\t\t<\/div>\n\t\t<\/div>\n\t\t\t\t<div class=\"elementor-column elementor-col-33 elementor-top-column elementor-element elementor-element-26b63f2\" data-id=\"26b63f2\" data-element_type=\"column\">\n\t\t\t<div class=\"elementor-widget-wrap\">\n\t\t\t\t\t\t\t<\/div>\n\t\t<\/div>\n\t\t\t\t\t<\/div>\n\t\t<\/section>\n\t\t\t\t<\/div>","protected":false},"excerpt":{"rendered":"<p>Experiencia Mal\u00fa Como elegir tu talla Hemos preparado para ti una explicaci\u00f3n a detalle para que puedas elegir tu talla ideal. \u00bfC\u00f3mo elegir tu talla? Hemos preparado un video explic\u00e1ndote la mejor forma de tomarte las medidas. Elige tu faja de ba\u00f1o sin dudas y asegura ese efecto de &#8220;segunda piel&#8221; que buscas. 01 Mide [&hellip;]<\/p>\n","protected":false},"author":1,"featured_media":0,"parent":0,"menu_order":0,"comment_status":"closed","ping_status":"closed","template":"","meta":{"footnotes":""},"class_list":["post-577","page","type-page","status-publish","hentry"],"_hostinger_reach_plugin_has_subscription_block":false,"_hostinger_reach_plugin_is_elementor":false,"_links":{"self":[{"href":"https:\/\/malubodyshape.com\/en\/wp-json\/wp\/v2\/pages\/577","targetHints":{"allow":["GET"]}}],"collection":[{"href":"https:\/\/malubodyshape.com\/en\/wp-json\/wp\/v2\/pages"}],"about":[{"href":"https:\/\/malubodyshape.com\/en\/wp-json\/wp\/v2\/types\/page"}],"author":[{"embeddable":true,"href":"https:\/\/malubodyshape.com\/en\/wp-json\/wp\/v2\/users\/1"}],"replies":[{"embeddable":true,"href":"https:\/\/malubodyshape.com\/en\/wp-json\/wp\/v2\/comments?post=577"}],"version-history":[{"count":43,"href":"https:\/\/malubodyshape.com\/en\/wp-json\/wp\/v2\/pages\/577\/revisions"}],"predecessor-version":[{"id":8411,"href":"https:\/\/malubodyshape.com\/en\/wp-json\/wp\/v2\/pages\/577\/revisions\/8411"}],"wp:attachment":[{"href":"https:\/\/malubodyshape.com\/en\/wp-json\/wp\/v2\/media?parent=577"}],"curies":[{"name":"wp","href":"https:\/\/api.w.org\/{rel}","templated":true}]}}