{"id":6747,"date":"2024-04-03T00:00:48","date_gmt":"2024-04-03T07:00:48","guid":{"rendered":"https:\/\/malubodyshape.com\/?post_type=product&#038;p=6747"},"modified":"2025-12-04T10:51:55","modified_gmt":"2025-12-04T18:51:55","slug":"faja-de-bano-sin-hombros","status":"publish","type":"product","link":"https:\/\/malubodyshape.com\/en\/product\/faja-de-bano-sin-hombros\/","title":{"rendered":"SWIM GIRDLE \u2022 Puffed shoulders"},"content":{"rendered":"<p class=\"p1\">Discreet inner girdle made of high-quality powernet fabric that helps you control those extra pounds, with 3 rows of front hooks, adjustable shoulder straps with back support to help correct your posture.<\/p>\n<ul>\n<li class=\"p1\">Lycra inner lining for comfortable and secure contact with the skin.<\/li>\n<li class=\"p1\">UV-protective Lycra outer lining and front zipper.<\/li>\n<li class=\"p1\">Removable cups with 100% adjustable bust.<\/li>\n<\/ul>\n<p>Alto control en cintura, el \u00e1rea de gl\u00fateos viene con corte coraz\u00f3n que es un estilo de aspecto sexy para qui\u00e9n quiere mostrar un poco m\u00e1s, es un corte c\u00f3modo y ligero que ayuda a destacar tus hermosas l\u00edneas del \u00e1rea sin ajuste.<\/p>\n<p><strong>*New products are smaller in size, so we recommend choosing a larger size.<\/strong><\/p>","protected":false},"excerpt":{"rendered":"<p>Discreet inner girdle made of high-quality powernet fabric that helps you control those extra pounds, with 3 rows of front hooks, adjustable shoulder straps with back support to help correct your posture.<\/p>","protected":false},"featured_media":7037,"comment_status":"open","ping_status":"closed","template":"","meta":[],"product_brand":[],"product_cat":[22],"product_tag":[31],"class_list":{"0":"post-6747","1":"product","2":"type-product","3":"status-publish","4":"has-post-thumbnail","6":"product_cat-faja-de-bano-es","7":"product_tag-sin-manga","9":"first","10":"instock","11":"shipping-taxable","12":"purchasable","13":"product-type-variable"},"_links":{"self":[{"href":"https:\/\/malubodyshape.com\/en\/wp-json\/wp\/v2\/product\/6747","targetHints":{"allow":["GET"]}}],"collection":[{"href":"https:\/\/malubodyshape.com\/en\/wp-json\/wp\/v2\/product"}],"about":[{"href":"https:\/\/malubodyshape.com\/en\/wp-json\/wp\/v2\/types\/product"}],"replies":[{"embeddable":true,"href":"https:\/\/malubodyshape.com\/en\/wp-json\/wp\/v2\/comments?post=6747"}],"wp:featuredmedia":[{"embeddable":true,"href":"https:\/\/malubodyshape.com\/en\/wp-json\/wp\/v2\/media\/7037"}],"wp:attachment":[{"href":"https:\/\/malubodyshape.com\/en\/wp-json\/wp\/v2\/media?parent=6747"}],"wp:term":[{"taxonomy":"product_brand","embeddable":true,"href":"https:\/\/malubodyshape.com\/en\/wp-json\/wp\/v2\/product_brand?post=6747"},{"taxonomy":"product_cat","embeddable":true,"href":"https:\/\/malubodyshape.com\/en\/wp-json\/wp\/v2\/product_cat?post=6747"},{"taxonomy":"product_tag","embeddable":true,"href":"https:\/\/malubodyshape.com\/en\/wp-json\/wp\/v2\/product_tag?post=6747"}],"curies":[{"name":"wp","href":"https:\/\/api.w.org\/{rel}","templated":true}]}}