{"id":7621,"date":"2025-05-07T18:54:09","date_gmt":"2025-05-08T01:54:09","guid":{"rendered":"https:\/\/malubodyshape.com\/?post_type=product&#038;p=7621"},"modified":"2026-03-17T19:35:25","modified_gmt":"2026-03-18T02:35:25","slug":"faja-de-bano-roselux-sin-manga","status":"publish","type":"product","link":"https:\/\/malubodyshape.com\/en\/product\/faja-de-bano-roselux-sin-manga\/","title":{"rendered":"Ros\u00e9Lux Swim Girdle \u2022 Sleeveless"},"content":{"rendered":"<p><strong>Ros\u00e9Lux \u2013 Visual delicacy, unstoppable transformation<\/strong><\/p>\n<p>It's a before and after for your figure... and your confidence. A girdle? Yes. But no one will know. A swimsuit? Yes. But none like this one.<\/p>\n<p><strong>LUXEA<\/strong> by Mal\u00fa is the collection of colors <strong>limited edition<\/strong> with real, instant contouring, designed for women who want visible results... without going under the knife.<\/p>\n<p>You're not buying a swimsuit... You're investing in the version of yourself that steals the show. No surgery. No lipo. Just you... and <strong>LUXEA<\/strong>.<\/p>\n<p><strong>Benefits you can see (and feel):<\/strong><\/p>\n<ul>\n<li>Discreet, powerful, and ultra-comfortable internal girdle that shapes the waist and abdomen from the first clasp.<\/li>\n<li>3 levels of adjustment so you can control how much you transform your figure.<\/li>\n<li>Natural butt enhancement, no fillers, no exaggeration\u2014just the best version of yourself.<\/li>\n<li>Posture correction thanks to high back support and adjustable straps.<\/li>\n<li>Removable cups and adjustable bust: you choose the neckline.<\/li>\n<li>Outer fabric with UV protection, designed to look good, last long, and protect your skin.<\/li>\n<li>Luxury front zipper + silicone on thighs: fits snugly, stays in place.<\/li>\n<li>Soft Lycra inner lining that feels like a second skin.<\/li>\n<\/ul>\n<p>&#8211; &#8211; &#8211;<b><br \/>\n<\/b><em>*To choose your correct size, you only need to measure your hips and waist, as the bust is one size fits all.<\/em><br \/>\n<em>*There may be a slight change in the color of the final product.<\/em><\/p>","protected":false},"excerpt":{"rendered":"<p>Ros\u00e9Lux \u2013 Delicadeza visual, transformaci\u00f3n imparable Es un antes y un despu\u00e9s en tu figura\u2026 y en tu confianza. \u00bfUna faja? S\u00ed. Pero nadie lo sabr\u00e1.\u00a0\u00bfUn traje de ba\u00f1o? S\u00ed. Pero ninguno como este. LUXEA de Mal\u00fa es la colecci\u00f3n de colores edici\u00f3n limitada con moldeo real e instant\u00e1neo, dise\u00f1ada para mujeres que quieren resultados [&hellip;]<\/p>\n","protected":false},"featured_media":7627,"comment_status":"open","ping_status":"closed","template":"","meta":[],"product_brand":[],"product_cat":[22,112],"product_tag":[31],"class_list":{"0":"post-7621","1":"product","2":"type-product","3":"status-publish","4":"has-post-thumbnail","6":"product_cat-faja-de-bano-es","7":"product_cat-coleccion-luxea-es","8":"product_tag-sin-manga","10":"first","11":"instock","12":"shipping-taxable","13":"purchasable","14":"product-type-variable"},"_links":{"self":[{"href":"https:\/\/malubodyshape.com\/en\/wp-json\/wp\/v2\/product\/7621","targetHints":{"allow":["GET"]}}],"collection":[{"href":"https:\/\/malubodyshape.com\/en\/wp-json\/wp\/v2\/product"}],"about":[{"href":"https:\/\/malubodyshape.com\/en\/wp-json\/wp\/v2\/types\/product"}],"replies":[{"embeddable":true,"href":"https:\/\/malubodyshape.com\/en\/wp-json\/wp\/v2\/comments?post=7621"}],"wp:featuredmedia":[{"embeddable":true,"href":"https:\/\/malubodyshape.com\/en\/wp-json\/wp\/v2\/media\/7627"}],"wp:attachment":[{"href":"https:\/\/malubodyshape.com\/en\/wp-json\/wp\/v2\/media?parent=7621"}],"wp:term":[{"taxonomy":"product_brand","embeddable":true,"href":"https:\/\/malubodyshape.com\/en\/wp-json\/wp\/v2\/product_brand?post=7621"},{"taxonomy":"product_cat","embeddable":true,"href":"https:\/\/malubodyshape.com\/en\/wp-json\/wp\/v2\/product_cat?post=7621"},{"taxonomy":"product_tag","embeddable":true,"href":"https:\/\/malubodyshape.com\/en\/wp-json\/wp\/v2\/product_tag?post=7621"}],"curies":[{"name":"wp","href":"https:\/\/api.w.org\/{rel}","templated":true}]}}