{"id":7638,"date":"2025-05-07T19:14:42","date_gmt":"2025-05-08T02:14:42","guid":{"rendered":"https:\/\/malubodyshape.com\/?post_type=product&#038;p=7638"},"modified":"2025-12-04T10:29:10","modified_gmt":"2025-12-04T18:29:10","slug":"faja-de-bano-aqualux-sin-manga","status":"publish","type":"product","link":"https:\/\/malubodyshape.com\/en\/product\/faja-de-bano-aqualux-sin-manga\/","title":{"rendered":"AquaLux Swim Girdle \u2022 Sleeveless"},"content":{"rendered":"<p>The <strong>new LUXEA collection<\/strong> from Malu is designed for women who want to look incredible, without filters, without surgery, and without effort.<\/p>\n<p>LUXEA is here to elevate your body and your safety. <em><strong>Limited edition.<\/strong> <\/em>Guaranteed transformation. Ready to feel like never before?<\/p>\n<p>Each garment includes a hidden shaping girdle that transforms your silhouette from the moment you put it on:<\/p>\n<ul>\n<li>Instantly reduce your waistline and control your abdomen with its discreet and comfortable high-compression powernet inner girdle.<\/li>\n<li>3 rows of front clasps that let you adjust and shape it to fit you perfectly.<\/li>\n<li>Enhances the buttocks naturally (yes, without sponges or fillers).<\/li>\n<li>Shape your hips and control your sides for a more defined figure.<\/li>\n<li>Correct your posture thanks to its high back support and adjustable straps.<\/li>\n<li>Removable cups in the bust to fit you perfectly.<\/li>\n<li>Outer fabric with UV protection and deluxe front zipper.<\/li>\n<li>Internal silicone on the thighs to prevent it from riding up or moving\u2014you move freely, it stays in place.<\/li>\n<\/ul>\n<p><strong>In addition:<\/strong><\/p>\n<p>Soft Lycra inner lining, ideal for maintaining comfortable contact with the skin all day long.<\/p>\n<p>&#8211; &#8211; &#8211;<br \/>\n<em>*To choose your correct size, you only need to measure your hips and waist, as the bust is one size fits all.<\/em><br \/>\n<em>*There may be a slight change in the color of the final product.<\/em><\/p>","protected":false},"excerpt":{"rendered":"<p>La nueva colecci\u00f3n LUXEA de Mal\u00fa est\u00e1 dise\u00f1ada para mujeres que quieren verse incre\u00edbles, sin filtros, sin cirug\u00eda y sin esfuerzo. LUXEA lleg\u00f3 para elevar tu cuerpo y tu seguridad. Edici\u00f3n limitada. Transformaci\u00f3n garantizada. \u00bfLista para sentirte como nunca antes? Cada prenda incluye una faja moldeadora oculta que transforma tu silueta desde el momento en [&hellip;]<\/p>\n","protected":false},"featured_media":7644,"comment_status":"open","ping_status":"closed","template":"","meta":[],"product_brand":[],"product_cat":[22,112],"product_tag":[31],"class_list":{"0":"post-7638","1":"product","2":"type-product","3":"status-publish","4":"has-post-thumbnail","6":"product_cat-faja-de-bano-es","7":"product_cat-coleccion-luxea-es","8":"product_tag-sin-manga","10":"first","11":"instock","12":"shipping-taxable","13":"purchasable","14":"product-type-variable"},"_links":{"self":[{"href":"https:\/\/malubodyshape.com\/en\/wp-json\/wp\/v2\/product\/7638","targetHints":{"allow":["GET"]}}],"collection":[{"href":"https:\/\/malubodyshape.com\/en\/wp-json\/wp\/v2\/product"}],"about":[{"href":"https:\/\/malubodyshape.com\/en\/wp-json\/wp\/v2\/types\/product"}],"replies":[{"embeddable":true,"href":"https:\/\/malubodyshape.com\/en\/wp-json\/wp\/v2\/comments?post=7638"}],"wp:featuredmedia":[{"embeddable":true,"href":"https:\/\/malubodyshape.com\/en\/wp-json\/wp\/v2\/media\/7644"}],"wp:attachment":[{"href":"https:\/\/malubodyshape.com\/en\/wp-json\/wp\/v2\/media?parent=7638"}],"wp:term":[{"taxonomy":"product_brand","embeddable":true,"href":"https:\/\/malubodyshape.com\/en\/wp-json\/wp\/v2\/product_brand?post=7638"},{"taxonomy":"product_cat","embeddable":true,"href":"https:\/\/malubodyshape.com\/en\/wp-json\/wp\/v2\/product_cat?post=7638"},{"taxonomy":"product_tag","embeddable":true,"href":"https:\/\/malubodyshape.com\/en\/wp-json\/wp\/v2\/product_tag?post=7638"}],"curies":[{"name":"wp","href":"https:\/\/api.w.org\/{rel}","templated":true}]}}